{"id":98,"date":"2020-09-28T09:53:09","date_gmt":"2020-09-28T09:53:09","guid":{"rendered":"http:\/\/www.lauracastrogallardo.com\/?page_id=98"},"modified":"2020-09-28T14:41:35","modified_gmt":"2020-09-28T14:41:35","slug":"98-2","status":"publish","type":"page","link":"https:\/\/www.lauracastrogallardo.com\/?page_id=98","title":{"rendered":"ABOUT"},"content":{"rendered":"\r\n<div class=\"wp-block-group\">\r\n<div class=\"wp-block-group__inner-container is-layout-flow wp-block-group-is-layout-flow\"><div  class=\"grids-section grids-is-advanced\" style=\"--_gs-gap-desktop:0px 0px;--_gs-m-desktop:0 0 0 0;--_gs-p-desktop:0 0 0 0;--_gs-bg-desktop:transparent none;--_gs-bg-xp-desktop:0px;--_gs-zi-desktop:auto;--_gs-d-desktop:block;--_gs-mw-desktop:calc(100% - 0 - 0);--_gs-gap-tablet:0px 0px;--_gs-m-tablet:0 0 0 0;--_gs-p-tablet:0 0 0 0;--_gs-bg-tablet:transparent none;--_gs-bg-xp-tablet:0px;--_gs-zi-tablet:auto;--_gs-d-tablet:block;--_gs-mw-tablet:calc(100% - 0 - 0);--_gs-gap-mobile:0px 0px;--_gs-m-mobile:0 0 0 0;--_gs-p-mobile:0 0 0 0;--_gs-bg-mobile:transparent none;--_gs-bg-xp-mobile:0px;--_gs-zi-mobile:auto;--_gs-d-mobile:block;--_gs-mw-mobile:calc(100% - 0 - 0);--_gs-columns:12;--_gs-rows:6\"><div class=\"grids-s-w_i\">\r\n\r\n<div class=\"grids-area\" style=\"--_ga-column:1\/13;--_ga-row:1\/6;--_ga-m-desktop:0 0 0 0;--_ga-p-desktop:0 0 0 0;--_ga-bg-desktop:transparent none;--_ga-zi-desktop:auto;--_ga-d-desktop:flex;--_ga-mw-desktop:calc(100% - 0 - 0);--_ga-m-tablet:0 0 0 0;--_ga-p-tablet:0 0 0 0;--_ga-bg-tablet:transparent none;--_ga-zi-tablet:auto;--_ga-d-tablet:flex;--_ga-mw-tablet:calc(100% - 0 - 0);--_ga-m-mobile:0 0 0 0;--_ga-p-mobile:0 0 0 0;--_ga-bg-mobile:transparent none;--_ga-zi-mobile:auto;--_ga-d-mobile:flex;--_ga-mw-mobile:calc(100% - 0 - 0)\">\r\n\r\n\r\n<div class=\"wp-block-image\">\r\n<figure class=\"alignleft size-large is-resized\"><img decoding=\"async\" class=\"wp-image-133\" src=\"https:\/\/www.lauracastrogallardo.com\/wp-content\/uploads\/2020\/09\/sin-titulo-2_mesa-de-trabajo-1-copia-edited.png\" alt=\"\" width=\"1077\" height=\"673.125\" srcset=\"https:\/\/www.lauracastrogallardo.com\/wp-content\/uploads\/2020\/09\/sin-titulo-2_mesa-de-trabajo-1-copia-edited.png 1711w, https:\/\/www.lauracastrogallardo.com\/wp-content\/uploads\/2020\/09\/sin-titulo-2_mesa-de-trabajo-1-copia-edited-768x488.png 768w\" sizes=\"(max-width: 1711px) 100vw, 1711px\" \/><\/figure>\r\n<\/div>\r\n<\/div><\/div><\/div>\r\n\r\n\r\n<p>Ba\u00f1ada por la estela del cometa Haley del 87, soy Creativa des de que tengo uso de raz\u00f3n y Dise\u00f1adora desde 2008, por la escuela de dise\u00f1o de BAU (Barcelona). Mi formaci\u00f3n empieza en la infancia, cuando mis padres me llevaban a museos de todo tipo y quedaba fascinada por las encuadernaciones que mi padre compraba en fasc\u00edculos.<\/p>\r\n\r\n\r\n\r\n<p>El primer trabajo como dise\u00f1adora lo llev\u00e9 a cabo de muy peque\u00f1a en el colegio, donde cree un dossier con collage y textos sobre los lirios, all\u00ed supe que la composici\u00f3n, las jerarqu\u00edas y los colores eran un mundo. M\u00e1s tarde y con un t\u00edtulo en mi mano he trabajado, en diferentes \u00e1mbitos del dise\u00f1o como la realizaci\u00f3n de eventos, im\u00e1genes corporativas, packaging, invitaciones o el mundo textil deportivo.<br \/>Me entusiasma cualquier expresi\u00f3n art\u00edstica de la que pueda extraer inspiraci\u00f3n, como tambi\u00e9n la harmon\u00eda y la creatividad que se encuentran en la naturaleza, los viajes y la cocina.<\/p>\r\n\r\n\r\n\r\n<p>&nbsp;<\/p>\r\n<\/div>\r\n<\/div>\r\n<p>&nbsp;<\/p>\r\n<p>&nbsp;<\/p>\r\n\r\n\r\n\r\n<p>&nbsp;<\/p>\r\n","protected":false},"excerpt":{"rendered":"<p>Ba\u00f1ada por la estela del cometa Haley del 87, soy Creativa des de que tengo uso de raz\u00f3n y Dise\u00f1adora desde 2008, por la escuela de dise\u00f1o de BAU (Barcelona). Mi formaci\u00f3n empieza en la infancia, cuando mis padres me llevaban a museos de todo tipo y quedaba fascinada por las encuadernaciones que mi padre [&hellip;]<\/p>\n","protected":false},"author":1,"featured_media":0,"parent":0,"menu_order":2,"comment_status":"closed","ping_status":"closed","template":"","meta":{"footnotes":""},"class_list":["post-98","page","type-page","status-publish","hentry"],"_links":{"self":[{"href":"https:\/\/www.lauracastrogallardo.com\/index.php?rest_route=\/wp\/v2\/pages\/98","targetHints":{"allow":["GET"]}}],"collection":[{"href":"https:\/\/www.lauracastrogallardo.com\/index.php?rest_route=\/wp\/v2\/pages"}],"about":[{"href":"https:\/\/www.lauracastrogallardo.com\/index.php?rest_route=\/wp\/v2\/types\/page"}],"author":[{"embeddable":true,"href":"https:\/\/www.lauracastrogallardo.com\/index.php?rest_route=\/wp\/v2\/users\/1"}],"replies":[{"embeddable":true,"href":"https:\/\/www.lauracastrogallardo.com\/index.php?rest_route=%2Fwp%2Fv2%2Fcomments&post=98"}],"version-history":[{"count":26,"href":"https:\/\/www.lauracastrogallardo.com\/index.php?rest_route=\/wp\/v2\/pages\/98\/revisions"}],"predecessor-version":[{"id":155,"href":"https:\/\/www.lauracastrogallardo.com\/index.php?rest_route=\/wp\/v2\/pages\/98\/revisions\/155"}],"wp:attachment":[{"href":"https:\/\/www.lauracastrogallardo.com\/index.php?rest_route=%2Fwp%2Fv2%2Fmedia&parent=98"}],"curies":[{"name":"wp","href":"https:\/\/api.w.org\/{rel}","templated":true}]}}